{"id":1016,"date":"2023-05-25T10:26:23","date_gmt":"2023-05-25T10:26:23","guid":{"rendered":"http:\/\/www.ia.urjc.es\/GIA\/?page_id=1016"},"modified":"2023-12-26T08:17:07","modified_gmt":"2023-12-26T08:17:07","slug":"jorge-gutierrez-cejudo","status":"publish","type":"page","link":"http:\/\/www.ia.urjc.es\/GIA\/jorge-gutierrez-cejudo\/","title":{"rendered":"Jorge Guti\u00e9rrez Cejudo"},"content":{"rendered":"\n<div class=\"wp-block-columns is-layout-flex wp-container-core-columns-is-layout-2 wp-block-columns-is-layout-flex\">\n<div class=\"wp-block-column is-layout-flow wp-block-column-is-layout-flow\"><\/div>\n\n\n\n<div class=\"wp-block-column is-layout-flow wp-block-column-is-layout-flow\" style=\"flex-basis:100%\">\n<div class=\"wp-block-columns is-layout-flex wp-container-core-columns-is-layout-1 wp-block-columns-is-layout-flex\">\n<div class=\"wp-block-column is-vertically-aligned-center is-layout-flow wp-block-column-is-layout-flow\" style=\"flex-basis:100%\">\n<div class=\"wp-block-group alignwide\"><div class=\"wp-block-group__inner-container is-layout-constrained wp-block-group-is-layout-constrained\">\n<div class=\"wp-block-group\"><div class=\"wp-block-group__inner-container is-layout-constrained wp-block-group-is-layout-constrained\">\n<div class=\"wp-block-media-text alignwide is-stacked-on-mobile is-style-rounded\" style=\"grid-template-columns:44% auto\"><figure class=\"wp-block-media-text__media\"><img fetchpriority=\"high\" decoding=\"async\" width=\"707\" height=\"980\" src=\"http:\/\/www.ia.urjc.es\/GIA\/wp-content\/uploads\/2023\/08\/MG_8866.jpeg\" alt=\"\" class=\"wp-image-1082 size-full\" srcset=\"http:\/\/www.ia.urjc.es\/GIA\/wp-content\/uploads\/2023\/08\/MG_8866.jpeg 707w, http:\/\/www.ia.urjc.es\/GIA\/wp-content\/uploads\/2023\/08\/MG_8866-216x300.jpeg 216w\" sizes=\"(max-width: 707px) 100vw, 707px\" \/><\/figure><div class=\"wp-block-media-text__content\">\n<p><strong>Jorge Gutierrez Cejudo<\/strong><br>Researcher<br>Computing Science and Artificial Intelligence<br>Universidad Rey Juan Carlos<br>Calle Tulip\u00e1n s\/n<br>E-28933 M\u00f3stoles, Spain<br><a href=\"mailto:alberto.fernandez@urjc.es\">Jorge.gutierrez@urjc.es<\/a><br><a href=\"https:\/\/gestion2.urjc.es\/pdi\/ver\/jorge.gutierrez\">Web page at URJC<\/a><\/p>\n<\/div><\/div>\n<\/div><\/div>\n<\/div><\/div>\n<\/div>\n<\/div>\n<\/div>\n<\/div>\n\n\n\n<div class=\"wp-block-columns is-layout-flex wp-container-core-columns-is-layout-3 wp-block-columns-is-layout-flex\">\n<div class=\"wp-block-column is-layout-flow wp-block-column-is-layout-flow\" style=\"flex-basis:100%\">\n<div class=\"wp-block-group alignwide\"><div class=\"wp-block-group__inner-container is-layout-constrained wp-block-group-is-layout-constrained\"><div class=\"wp-block-image\">\n<figure class=\"alignleft size-large is-resized\"><a href=\"https:\/\/www.linkedin.com\/in\/jorgeguti\u00e9rrezcejudo\/\"><img decoding=\"async\" width=\"1024\" height=\"1024\" src=\"http:\/\/www.ia.urjc.es\/GIA\/wp-content\/uploads\/2020\/10\/linkedin-1024x1024.png\" alt=\"\" class=\"wp-image-460\" style=\"width:208px;height:208px\" srcset=\"http:\/\/www.ia.urjc.es\/GIA\/wp-content\/uploads\/2020\/10\/linkedin.png 1024w, http:\/\/www.ia.urjc.es\/GIA\/wp-content\/uploads\/2020\/10\/linkedin-300x300.png 300w, http:\/\/www.ia.urjc.es\/GIA\/wp-content\/uploads\/2020\/10\/linkedin-100x100.png 100w, http:\/\/www.ia.urjc.es\/GIA\/wp-content\/uploads\/2020\/10\/linkedin-600x600.png 600w, http:\/\/www.ia.urjc.es\/GIA\/wp-content\/uploads\/2020\/10\/linkedin-150x150.png 150w, http:\/\/www.ia.urjc.es\/GIA\/wp-content\/uploads\/2020\/10\/linkedin-768x768.png 768w\" sizes=\"(max-width: 1024px) 100vw, 1024px\" \/><\/a><\/figure><\/div>\n\n<div class=\"wp-block-image\">\n<figure class=\"alignright size-large is-resized\"><a href=\"https:\/\/scholar.google.es\/citations?user=-Jskv1sAAAAJ&amp;hl=es\"><img decoding=\"async\" width=\"1024\" height=\"1024\" src=\"http:\/\/www.ia.urjc.es\/GIA\/wp-content\/uploads\/2020\/10\/gscholar-1024x1024.png\" alt=\"googlescholar\" class=\"wp-image-461\" style=\"width:254px;height:254px\" srcset=\"http:\/\/www.ia.urjc.es\/GIA\/wp-content\/uploads\/2020\/10\/gscholar-1024x1024.png 1024w, http:\/\/www.ia.urjc.es\/GIA\/wp-content\/uploads\/2020\/10\/gscholar-300x300.png 300w, http:\/\/www.ia.urjc.es\/GIA\/wp-content\/uploads\/2020\/10\/gscholar-100x100.png 100w, http:\/\/www.ia.urjc.es\/GIA\/wp-content\/uploads\/2020\/10\/gscholar-600x600.png 600w, http:\/\/www.ia.urjc.es\/GIA\/wp-content\/uploads\/2020\/10\/gscholar-150x150.png 150w, http:\/\/www.ia.urjc.es\/GIA\/wp-content\/uploads\/2020\/10\/gscholar-768x768.png 768w, http:\/\/www.ia.urjc.es\/GIA\/wp-content\/uploads\/2020\/10\/gscholar.png 1200w\" sizes=\"(max-width: 1024px) 100vw, 1024px\" \/><\/a><\/figure><\/div><\/div><\/div>\n<\/div>\n<\/div>\n\n\n\n<h4 class=\"wp-block-heading\" id=\"block-328cbea4-f67d-4c34-902a-ddb987129486\"><strong>Education<\/strong><\/h4>\n\n\n\n<ul class=\"wp-block-list\" id=\"block-3cc9c72b-b4a3-47bb-8d05-3b2fedfcd6e0\">\n<li>2021: Degree in industrial engineering (Universidad Rey Juan Carlos, Madrid)<\/li>\n\n\n\n<li>2023: Master&#8217;s degree in industrial engineering ( Universidad Rey Juan Carlos)<\/li>\n<\/ul>\n\n\n\n<h4 class=\"wp-block-heading\" id=\"block-600a6712-ac37-4a8a-aed1-fab6486fa4b6\"><strong>Research Interests<\/strong><\/h4>\n\n\n\n<p id=\"block-6aa0420a-589f-4f66-9185-16e444a3c3c7\">My main research interests are:<\/p>\n\n\n\n<ul class=\"wp-block-list\" id=\"block-54814bf8-95fb-4925-b961-e24bc9ab649f\">\n<li>Robotics<\/li>\n\n\n\n<li>Optimization systems<\/li>\n\n\n\n<li>VRP<\/li>\n\n\n\n<li>MRTA<\/li>\n\n\n\n<li>Optimization<\/li>\n<\/ul>\n\n\n\n<p id=\"block-9973ad9e-e158-49ca-b224-02e3cb284c2e\">I am a member of:<\/p>\n\n\n\n<ul class=\"wp-block-list\" id=\"block-4f93022b-e087-453b-b7d3-cabfb55779b6\">\n<li><a href=\"http:\/\/www.cetinia.urjc.es\/\">Centre for Intelligent Information Technologies (CETINIA)<\/a><\/li>\n<\/ul>\n\n\n\n<h2 class=\"wp-block-heading\">Publications<\/h2>\n\n\n\n<ul class=\"wp-block-list\">\n<li>Guti\u00e9rrez-Cejudo, J., Lujak, M., Fern\u00e1ndez, A. (2023). Agrobots Architecture and\u00a0Agrobots-Sim Simulator for\u00a0Dynamic Agri-Robot Coordination. In: Dur\u00e3es, D., Gonz\u00e1lez-Briones, A., Lujak, M., El Bolock, A., Carneiro, J. (eds) Highlights in Practical Applications of Agents, Multi-Agent Systems, and Cognitive Mimetics. The PAAMS Collection. PAAMS 2023. Communications in Computer and Information Science, vol 1838. Springer, Cham. <a href=\"https:\/\/doi.org\/10.1007\/978-3-031-37593-4_1\">https:\/\/doi.org\/10.1007\/978-3-031-37593-4_<\/a><\/li>\n\n\n\n<li>Guti\u00e9rrez Cejudo, J.; Enguix Andr\u00e9s, F.; Lujak, M.; Carrascosa Casamayor, C.; Fernandez, A.; Hern\u00e1ndez L\u00f3pez, L. Towards Agrirobot Digital Twins: Agri-RO5\u2014A Multi-Agent Architecture for Dynamic Fleet Simulation.\u00a0<em>Electronics<\/em>\u00a0<strong>2024<\/strong>,\u00a0<em>13<\/em>, 80. <a href=\"https:\/\/doi.org\/10.3390\/electronics13010080\">https:\/\/doi.org\/10.3390\/electronics13010080<\/a><\/li>\n<\/ul>\n\n\n\n<h2 class=\"wp-block-heading\">Honors and awards<\/h2>\n\n\n\n<ul class=\"wp-block-list\">\n<li>MDPI Electronics Best Paper Award (July 2023) for the paper:&nbsp;\u201cAgrobots Architecture and Agrobots-Sim Simulator for Dynamic Agri-Robot Coordination\u201d.<\/li>\n<\/ul>\n","protected":false},"excerpt":{"rendered":"<p>Jorge Gutierrez CejudoResearcherComputing Science and Artificial IntelligenceUniversidad Rey Juan CarlosCalle Tulip\u00e1n s\/nE-28933 M\u00f3stoles, SpainJorge.gutierrez@urjc.esWeb page at URJC Education Research Interests My main research interests are: I am a member of: Publications Honors and awards<\/p>\n","protected":false},"author":7,"featured_media":0,"parent":0,"menu_order":0,"comment_status":"closed","ping_status":"closed","template":"","meta":{"footnotes":""},"languages":[5],"post_translationss":[],"class_list":["post-1016","page","type-page","status-publish","hentry"],"guten_post_layout_featured_media_urls":{"full":false,"thumbnail":false,"medium":false,"medium_large":false,"large":false,"1536x1536":false,"2048x2048":false,"guten_post_layout_landscape_large":false,"guten_post_layout_portrait_large":false,"guten_post_layout_square_large":false,"guten_post_layout_landscape":false,"guten_post_layout_portrait":false,"guten_post_layout_square":false,"business-consultr-1920-1200":false,"business-consultr-1920-750":false,"business-consultr-1920-850":false,"business-consultr-1170-760":false,"business-consultr-390-320":false},"_links":{"self":[{"href":"http:\/\/www.ia.urjc.es\/GIA\/wp-json\/wp\/v2\/pages\/1016"}],"collection":[{"href":"http:\/\/www.ia.urjc.es\/GIA\/wp-json\/wp\/v2\/pages"}],"about":[{"href":"http:\/\/www.ia.urjc.es\/GIA\/wp-json\/wp\/v2\/types\/page"}],"author":[{"embeddable":true,"href":"http:\/\/www.ia.urjc.es\/GIA\/wp-json\/wp\/v2\/users\/7"}],"replies":[{"embeddable":true,"href":"http:\/\/www.ia.urjc.es\/GIA\/wp-json\/wp\/v2\/comments?post=1016"}],"version-history":[{"count":11,"href":"http:\/\/www.ia.urjc.es\/GIA\/wp-json\/wp\/v2\/pages\/1016\/revisions"}],"predecessor-version":[{"id":1174,"href":"http:\/\/www.ia.urjc.es\/GIA\/wp-json\/wp\/v2\/pages\/1016\/revisions\/1174"}],"wp:attachment":[{"href":"http:\/\/www.ia.urjc.es\/GIA\/wp-json\/wp\/v2\/media?parent=1016"}],"wp:term":[{"taxonomy":"language","embeddable":true,"href":"http:\/\/www.ia.urjc.es\/GIA\/wp-json\/wp\/v2\/languages?post=1016"},{"taxonomy":"post_translations","embeddable":true,"href":"http:\/\/www.ia.urjc.es\/GIA\/wp-json\/wp\/v2\/post_translationss?post=1016"}],"curies":[{"name":"wp","href":"https:\/\/api.w.org\/{rel}","templated":true}]}}