{"id":1019,"date":"2023-05-25T10:28:55","date_gmt":"2023-05-25T10:28:55","guid":{"rendered":"http:\/\/www.ia.urjc.es\/GIA\/?page_id=1019"},"modified":"2023-05-25T11:08:59","modified_gmt":"2023-05-25T11:08:59","slug":"andres-holgado-sanchez","status":"publish","type":"page","link":"http:\/\/www.ia.urjc.es\/GIA\/andres-holgado-sanchez\/","title":{"rendered":"Andr\u00e9s Holgado S\u00e1nchez"},"content":{"rendered":"\n<p id=\"block-ea6ab9e1-bd85-4d65-986f-f766ed76648f\"><br>Research Assistant<\/p>\n\n\n\n<div class=\"wp-block-columns is-layout-flex wp-container-core-columns-is-layout-1 wp-block-columns-is-layout-flex\">\n<div class=\"wp-block-column is-layout-flow wp-block-column-is-layout-flow\" style=\"flex-basis:100%\"><div class=\"wp-block-image is-style-rounded\">\n<figure class=\"alignleft size-medium is-resized\"><img fetchpriority=\"high\" decoding=\"async\" src=\"http:\/\/www.ia.urjc.es\/GIA\/wp-content\/uploads\/2023\/05\/photo-300x300.jpg\" alt=\"\" class=\"wp-image-1034\" width=\"285\" height=\"285\" srcset=\"http:\/\/www.ia.urjc.es\/GIA\/wp-content\/uploads\/2023\/05\/photo-300x300.jpg 300w, http:\/\/www.ia.urjc.es\/GIA\/wp-content\/uploads\/2023\/05\/photo-150x150.jpg 150w, http:\/\/www.ia.urjc.es\/GIA\/wp-content\/uploads\/2023\/05\/photo-768x768.jpg 768w, http:\/\/www.ia.urjc.es\/GIA\/wp-content\/uploads\/2023\/05\/photo-600x600.jpg 600w, http:\/\/www.ia.urjc.es\/GIA\/wp-content\/uploads\/2023\/05\/photo.jpg 800w\" sizes=\"(max-width: 285px) 100vw, 285px\" \/><\/figure><\/div><\/div>\n<\/div>\n\n\n\n<p id=\"block-ea6ab9e1-bd85-4d65-986f-f766ed76648f\"><br>Computing Science and Artificial Intelligence<br>Universidad Rey Juan Carlos<br>Calle Tulip\u00e1n s\/n<br>M\u00f3stoles, Spain<br>andres.holgado@urjc.es<br><\/p>\n\n\n\n<h4 class=\"wp-block-heading\" id=\"block-328cbea4-f67d-4c34-902a-ddb987129486\">Education<\/h4>\n\n\n\n<ul class=\"wp-block-list\" id=\"block-3cc9c72b-b4a3-47bb-8d05-3b2fedfcd6e0\">\n<li>2022: Double BSc in Computer Science and Mathematics (Universidad Aut\u00f3noma de Madrid, Spain)<\/li>\n<\/ul>\n\n\n\n<h4 class=\"wp-block-heading\" id=\"block-600a6712-ac37-4a8a-aed1-fab6486fa4b6\"><strong>Research Interests<\/strong><\/h4>\n\n\n\n<p id=\"block-6aa0420a-589f-4f66-9185-16e444a3c3c7\">My main research interests are:<\/p>\n\n\n\n<ul class=\"wp-block-list\" id=\"block-54814bf8-95fb-4925-b961-e24bc9ab649f\">\n<li>Optimization systems<\/li>\n\n\n\n<li>Logic Programming<\/li>\n\n\n\n<li>Machine Learning<\/li>\n\n\n\n<li>Value-aware Artificial Intelligence<\/li>\n<\/ul>\n\n\n\n<p id=\"block-9973ad9e-e158-49ca-b224-02e3cb284c2e\">I am a member of:<\/p>\n\n\n\n<ul class=\"wp-block-list\" id=\"block-4f93022b-e087-453b-b7d3-cabfb55779b6\">\n<li><a href=\"http:\/\/www.cetinia.urjc.es\/\">Centre for Intelligent Information Technologies (CETINIA)<\/a><\/li>\n<\/ul>\n\n\n\n<h2 class=\"wp-block-heading\">Publications<\/h2>\n\n\n\n<p><strong>A Conversational Agent for Argument-driven E-participation<\/strong><br><strong>Authors<\/strong>: Andr\u00e9s Segura-Tinoco, Andr\u00e9s Holgado-S\u00e1nchez, Iv\u00e1n Cantador, Mar\u00eda E. Cort\u00e9s-Cediel, Manuel Pedro Rodr\u00edguez Bolivar.<br><strong>Conference<\/strong>: DG.O 2022: The 23rd Annual International Conference on Digital Government Research, Republic of Korea. Publisher: Association for Computing Machinery (ACM). Digital Object Identifier: 10.1145\/3543434.3543447. Publication Year: 2022 , Page(s): 191-205<\/p>\n","protected":false},"excerpt":{"rendered":"<p>Research Assistant Computing Science and Artificial IntelligenceUniversidad Rey Juan CarlosCalle Tulip\u00e1n s\/nM\u00f3stoles, Spainandres.holgado@urjc.es Education Research Interests My main research interests are: I am a member of: Publications A Conversational Agent for Argument-driven E-participationAuthors: Andr\u00e9s Segura-Tinoco, Andr\u00e9s Holgado-S\u00e1nchez, Iv\u00e1n Cantador, Mar\u00eda E. Cort\u00e9s-Cediel, Manuel Pedro Rodr\u00edguez Bolivar.Conference: DG.O 2022: The 23rd Annual International Conference on Digital [&hellip;]<\/p>\n","protected":false},"author":1,"featured_media":0,"parent":0,"menu_order":0,"comment_status":"closed","ping_status":"closed","template":"","meta":{"footnotes":""},"languages":[5],"post_translationss":[],"class_list":["post-1019","page","type-page","status-publish","hentry"],"guten_post_layout_featured_media_urls":{"full":false,"thumbnail":false,"medium":false,"medium_large":false,"large":false,"1536x1536":false,"2048x2048":false,"guten_post_layout_landscape_large":false,"guten_post_layout_portrait_large":false,"guten_post_layout_square_large":false,"guten_post_layout_landscape":false,"guten_post_layout_portrait":false,"guten_post_layout_square":false,"business-consultr-1920-1200":false,"business-consultr-1920-750":false,"business-consultr-1920-850":false,"business-consultr-1170-760":false,"business-consultr-390-320":false},"_links":{"self":[{"href":"http:\/\/www.ia.urjc.es\/GIA\/wp-json\/wp\/v2\/pages\/1019"}],"collection":[{"href":"http:\/\/www.ia.urjc.es\/GIA\/wp-json\/wp\/v2\/pages"}],"about":[{"href":"http:\/\/www.ia.urjc.es\/GIA\/wp-json\/wp\/v2\/types\/page"}],"author":[{"embeddable":true,"href":"http:\/\/www.ia.urjc.es\/GIA\/wp-json\/wp\/v2\/users\/1"}],"replies":[{"embeddable":true,"href":"http:\/\/www.ia.urjc.es\/GIA\/wp-json\/wp\/v2\/comments?post=1019"}],"version-history":[{"count":6,"href":"http:\/\/www.ia.urjc.es\/GIA\/wp-json\/wp\/v2\/pages\/1019\/revisions"}],"predecessor-version":[{"id":1039,"href":"http:\/\/www.ia.urjc.es\/GIA\/wp-json\/wp\/v2\/pages\/1019\/revisions\/1039"}],"wp:attachment":[{"href":"http:\/\/www.ia.urjc.es\/GIA\/wp-json\/wp\/v2\/media?parent=1019"}],"wp:term":[{"taxonomy":"language","embeddable":true,"href":"http:\/\/www.ia.urjc.es\/GIA\/wp-json\/wp\/v2\/languages?post=1019"},{"taxonomy":"post_translations","embeddable":true,"href":"http:\/\/www.ia.urjc.es\/GIA\/wp-json\/wp\/v2\/post_translationss?post=1019"}],"curies":[{"name":"wp","href":"https:\/\/api.w.org\/{rel}","templated":true}]}}