{"id":1144,"date":"2024-02-02T10:50:13","date_gmt":"2024-02-02T10:50:13","guid":{"rendered":"http:\/\/www.ia.urjc.es\/GIA\/?page_id=1144"},"modified":"2025-10-29T16:08:22","modified_gmt":"2025-10-29T16:08:22","slug":"luciana-fidilio","status":"publish","type":"page","link":"http:\/\/www.ia.urjc.es\/GIA\/luciana-fidilio\/","title":{"rendered":"Luciana Fidilio Allende"},"content":{"rendered":"\n<div class=\"wp-block-columns is-layout-flex wp-container-core-columns-is-layout-2 wp-block-columns-is-layout-flex\">\n<div class=\"wp-block-column is-layout-flow wp-block-column-is-layout-flow\"><\/div>\n\n\n\n<div class=\"wp-block-column is-layout-flow wp-block-column-is-layout-flow\" style=\"flex-basis:100%\">\n<div class=\"wp-block-columns is-layout-flex wp-container-core-columns-is-layout-1 wp-block-columns-is-layout-flex\">\n<div class=\"wp-block-column is-vertically-aligned-center is-layout-flow wp-block-column-is-layout-flow\" style=\"flex-basis:100%\">\n<div class=\"wp-block-group alignwide\"><div class=\"wp-block-group__inner-container is-layout-constrained wp-block-group-is-layout-constrained\">\n<div class=\"wp-block-group\"><div class=\"wp-block-group__inner-container is-layout-constrained wp-block-group-is-layout-constrained\">\n<p><strong><strong>Luciana Fidilio<\/strong> Allende<\/strong><br>PhD Student<br>Computing Science and Artificial Intelligence<br>Universidad Rey Juan Carlos<br>Calle Tulip\u00e1n s\/n<br>E-28933 M\u00f3stoles, Spain<\/p>\n\n\n\n<p>luciana.fidilio@urjc.es<\/p>\n<\/div><\/div>\n<\/div><\/div>\n<\/div>\n<\/div>\n<\/div>\n<\/div>\n\n\n\n<h4 class=\"wp-block-heading\" id=\"block-328cbea4-f67d-4c34-902a-ddb987129486\"><strong>Education<\/strong><\/h4>\n\n\n\n<ul id=\"block-3cc9c72b-b4a3-47bb-8d05-3b2fedfcd6e0\" class=\"wp-block-list\">\n<li>2023: Degree in cybersecurity engineering (Universidad Rey Juan Carlos, Madrid, Spain)<\/li>\n\n\n\n<li>2024: Master degree on Artificial Intelligence for the Energy and Infrastructure Sector (UNIR, Universidad Rey Juan Carlos and Universidad de Alcal\u00e1, Spain)<\/li>\n<\/ul>\n\n\n\n<h4 class=\"wp-block-heading\" id=\"block-600a6712-ac37-4a8a-aed1-fab6486fa4b6\"><strong>Research Interests<\/strong><\/h4>\n\n\n\n<p id=\"block-6aa0420a-589f-4f66-9185-16e444a3c3c7\">My main research interests are:<\/p>\n\n\n\n<ul id=\"block-54814bf8-95fb-4925-b961-e24bc9ab649f\" class=\"wp-block-list\">\n<li>Answer Set Programming<\/li>\n\n\n\n<li>Automated Negotiation<\/li>\n\n\n\n<li>Deductive-Inductive Artificial Intelligence<\/li>\n\n\n\n<li>Cybersecurity<\/li>\n<\/ul>\n\n\n\n<p id=\"block-9973ad9e-e158-49ca-b224-02e3cb284c2e\">I am a member of:<\/p>\n\n\n\n<ul id=\"block-4f93022b-e087-453b-b7d3-cabfb55779b6\" class=\"wp-block-list\">\n<li><a href=\"http:\/\/www.cetinia.urjc.es\/\">Centre for Intelligent Information Technologies (CETINIA)<\/a><\/li>\n<\/ul>\n\n\n\n<p><strong>Publications &amp; Thesis<\/strong><\/p>\n\n\n\n<ul class=\"wp-block-list\">\n<li><a href=\"https:\/\/hdl.handle.net\/11705\/PROLE\/2024\/13\" data-type=\"link\" data-id=\"https:\/\/biblioteca.sistedes.es\/dspace.server\/api\/core\/bitstreams\/ece92cbe-fa71-4de0-ab78-98273b8c0f54\/content\"><mark style=\"background-color:rgba(0, 0, 0, 0);color:#3a01ba\" class=\"has-inline-color\">f<sub>CASP<\/sub> : A forgetting technique for XAI based on goal-directed constraint ASP models<\/mark><\/a><br>Fidilio-Allende, L., &amp; Arias, J. (2024).<br>&#8211; <a href=\"https:\/\/hdl.handle.net\/11705\/PROLE\/2024\/13\">First edition<\/a>: <em>XXIII Jornadas sobre Programaci\u00f3n y Lenguajes (PROLE)<\/em>     | <a href=\"http:\/\/platon.etsii.urjc.es\/~lfidilio\/Papers\/BibTeX\/fidilio2024fcasp.bib\">BibTeX<\/a> | <a href=\"http:\/\/platon.etsii.urjc.es\/~lfidilio\/Papers\/Slides\/fidilio2024fcasp.pdf\">Slides<\/a><br>&#8211; <a href=\"https:\/\/ceur-ws.org\/Vol-3799\/abstract2GDE24.pdf\">Extended<\/a>: <em>Goal-directed Execution of Answer Set Programs (GDE\u201924)<\/em>     | <a href=\"http:\/\/platon.etsii.urjc.es\/~lfidilio\/Papers\/BibTeX\/fidilio2024extended.bib\">BibTeX<\/a> | <a href=\"http:\/\/platon.etsii.urjc.es\/~lfidilio\/Papers\/Slides\/fidilio2024extended.pdf\">Slides<\/a><\/li>\n\n\n\n<li><a href=\"https:\/\/link.springer.com\/chapter\/10.1007\/978-3-031-73058-0_4\" data-type=\"page\" data-id=\"1144\">Private-Safe (Logic-based) Decision Systems for Energy Assignment in Agricultural Cooperatives<\/a><br>Fidilio-Allende, L., &amp; Arias, J. (2024).<br><em>Practical Applications of Agents, Multi-Agent Systems, and Cognitive Mimetics (PAAMS 2024)<\/em> | <a href=\"http:\/\/platon.etsii.urjc.es\/~lfidilio\/Papers\/BibTeX\/fidilio2024private.bib\">BibTeX<\/a> | <a href=\"http:\/\/platon.etsii.urjc.es\/~lfidilio\/Papers\/Slides\/fidilio2024private.pdf\">Slides<\/a><\/li>\n\n\n\n<li><a href=\"http:\/\/platon.etsii.urjc.es\/~lfidilio\/Papers\/TFM.pdf\">f<sub>CASP<\/sub>: a forgetting operator and its application to energy distribution under a goal-directed ASP decision model<\/a><br>Fidilio Allende, L. C. (2024).<br><em>Master Thesis, Spain<\/em> | <a href=\"http:\/\/platon.etsii.urjc.es\/~lfidilio\/Papers\/Slides\/fidilio2024tfm.pdf\">Slides<\/a><\/li>\n\n\n\n<li><a href=\"https:\/\/doi.org\/10.1007\/978-3-031-85463-7_14\" data-type=\"page\" data-id=\"1144\">Opportunities and challenges of the use of forgetting in symbolic XAI<\/a><br>Arias, J., Degli-Esposti, S., Hern\u00e1ndez-P\u00e9rez, J.W., Fidilio-Allende, L., &amp; Ossowski, S. (2024).<br><em>AI Value Engineering and AI Compliance Mechanisms (VECOMP 2024)<\/em> | <a href=\"http:\/\/platon.etsii.urjc.es\/~lfidilio\/Papers\/BibTeX\/fidilio2024opportunities.bib\">BibTeX<\/a> <\/li>\n\n\n\n<li><a href=\"http:\/\/platon.etsii.urjc.es\/~lfidilio\/Papers\/TFG.pdf\" data-type=\"page\" data-id=\"1144\">MMDect: Metamorphic Malware Detection Using Logic Programming<\/a><br>Fidilio-Allende, L. (2023).<br><em>Bachelor Thesis, Spain<\/em>  | <a href=\"https:\/\/github.com\/Lu-all\/MMDect\">GitHub<\/a><\/li>\n<\/ul>\n\n\n\n<p><strong>Slides<\/strong><\/p>\n\n\n\n<ul class=\"wp-block-list\">\n<li><a href=\"http:\/\/platon.etsii.urjc.es\/~lfidilio\/Talks\/2025_06-aranjuez.pdf\">Mesa redonda &#8220;Present and future challenges of ethical AI?\u201d<\/a><br>Fidilio-Allende, L.; Hern\u00e1ndez-Perez, W.; Fern\u00e1ndez Mart\u00ednez, C.; de la Cruz Fern\u00e1ndez, E.; Garc\u00eda Rodr\u00edguez, S.; Pina Zapata, A. (2025) &#8211; Universidad Rey Juan Carlos<br><em>Curso de Verano \u201cHuman-centred Artificial Intelligence: How to bypass the Turing Trap?\u201d<\/em><\/li>\n\n\n\n<li><a href=\"http:\/\/platon.etsii.urjc.es\/~lfidilio\/Talks\/2024_06-aranjuez.pdf\">Mesa redonda &#8220;Is Secure and Trusted AI possible?\u201d<\/a> (Cyber &amp; AI: Friends or foes?)<br>Contreras Nevares, C.; Fidilio-Allende, L. (2024) &#8211; Universidad Rey Juan Carlos<br><em>Curso de Verano \u201cHuman-centred Artificial Intelligence: How to hack the Turing Trap?\u201d<\/em><\/li>\n\n\n\n<li><a href=\"http:\/\/platon.etsii.urjc.es\/~lfidilio\/Talks\/IIIE-24-Ciber.pdf\" data-type=\"link\" data-id=\"https:\/\/biblioteca.sistedes.es\/dspace.server\/api\/core\/bitstreams\/ece92cbe-fa71-4de0-ab78-98273b8c0f54\/content\">Taller de seguridad a nivel de usuario<\/a> (Mis Datos y yo)<br>Fidilio-Allende, L. (2024) &#8211; Universidad Rey Juan Carlos.<br><em>Convocatoria de ayudas para el fomento de la cultura cient\u00edfica, tecnol\u00f3gica y de innovaci\u00f3n<br>          Fundaci\u00f3n Espa\u00f1ola para la ciencia y la Tecnolog\u00eda y Ministerio de Ciencia e Innovaci\u00f3n<\/em><\/li>\n<\/ul>\n\n\n\n<p><\/p>\n","protected":false},"excerpt":{"rendered":"<p>Luciana Fidilio AllendePhD StudentComputing Science and Artificial IntelligenceUniversidad Rey Juan CarlosCalle Tulip\u00e1n s\/nE-28933 M\u00f3stoles, Spain luciana.fidilio@urjc.es Education Research Interests My main research interests are: I am a member of: Publications &amp; Thesis Slides<\/p>\n","protected":false},"author":9,"featured_media":0,"parent":0,"menu_order":0,"comment_status":"closed","ping_status":"closed","template":"","meta":{"footnotes":""},"languages":[5],"post_translationss":[],"class_list":["post-1144","page","type-page","status-publish","hentry"],"guten_post_layout_featured_media_urls":{"full":false,"thumbnail":false,"medium":false,"medium_large":false,"large":false,"1536x1536":false,"2048x2048":false,"guten_post_layout_landscape_large":false,"guten_post_layout_portrait_large":false,"guten_post_layout_square_large":false,"guten_post_layout_landscape":false,"guten_post_layout_portrait":false,"guten_post_layout_square":false,"business-consultr-1920-1200":false,"business-consultr-1920-750":false,"business-consultr-1920-850":false,"business-consultr-1170-760":false,"business-consultr-390-320":false},"_links":{"self":[{"href":"http:\/\/www.ia.urjc.es\/GIA\/wp-json\/wp\/v2\/pages\/1144"}],"collection":[{"href":"http:\/\/www.ia.urjc.es\/GIA\/wp-json\/wp\/v2\/pages"}],"about":[{"href":"http:\/\/www.ia.urjc.es\/GIA\/wp-json\/wp\/v2\/types\/page"}],"author":[{"embeddable":true,"href":"http:\/\/www.ia.urjc.es\/GIA\/wp-json\/wp\/v2\/users\/9"}],"replies":[{"embeddable":true,"href":"http:\/\/www.ia.urjc.es\/GIA\/wp-json\/wp\/v2\/comments?post=1144"}],"version-history":[{"count":18,"href":"http:\/\/www.ia.urjc.es\/GIA\/wp-json\/wp\/v2\/pages\/1144\/revisions"}],"predecessor-version":[{"id":1382,"href":"http:\/\/www.ia.urjc.es\/GIA\/wp-json\/wp\/v2\/pages\/1144\/revisions\/1382"}],"wp:attachment":[{"href":"http:\/\/www.ia.urjc.es\/GIA\/wp-json\/wp\/v2\/media?parent=1144"}],"wp:term":[{"taxonomy":"language","embeddable":true,"href":"http:\/\/www.ia.urjc.es\/GIA\/wp-json\/wp\/v2\/languages?post=1144"},{"taxonomy":"post_translations","embeddable":true,"href":"http:\/\/www.ia.urjc.es\/GIA\/wp-json\/wp\/v2\/post_translationss?post=1144"}],"curies":[{"name":"wp","href":"https:\/\/api.w.org\/{rel}","templated":true}]}}