{"id":193,"date":"2020-02-27T13:16:59","date_gmt":"2020-02-27T13:16:59","guid":{"rendered":"http:\/\/platon.etsii.urjc.es\/GIA\/?page_id=193"},"modified":"2022-06-04T07:43:33","modified_gmt":"2022-06-04T07:43:33","slug":"completed-projects","status":"publish","type":"page","link":"http:\/\/www.ia.urjc.es\/GIA\/projects\/completed-projects\/","title":{"rendered":"Completed Projects"},"content":{"rendered":"\n<p>The Artificial Intelligence Group was founded in 1999 to consolidate and promote research and teaching in the field within University Rey Juan Carlos. Ever since, the group&#8217;s activities comprise a variety of research lines in AI that are tied together by the&nbsp;intelligent agent paradigm. Research contributions were made in fields such as Multiagent Systems, Knowledge Modelling, Information Retrieval, and Semantic Technologies. The&nbsp;outcomes of research were applied and tested in a variety of domains, including Mobile Health, Transportation Management, Smart Grids, or E-Commerce. The following list comprises a selection of research projects and networks that the group contributed to.<\/p>\n\n\n\n<hr>\n\n\n\n<h4 class=\"wp-block-heading\">Research projects:<\/h4>\n\n\n\n<ul class=\"wp-block-list\"><li><a rel=\"noreferrer noopener\" href=\"https:\/\/inedgemobility.usal.es\/\" target=\"_blank\">Towards Sustainable Intelligent Mobility: Infrastructure and Collaborative Transportation<\/a><ul><li>Funding: Ministerio de Ciencia, Innovaci\u00f3n y Universidades<\/li><li>Lead: D. Alberto Fern\u00e1ndez, D. Holger Billhardt<\/li><li>Partners:&nbsp;UPV \/ URJC \/ USal<\/li><li>Duration:&nbsp;2019-2021<\/li><\/ul><\/li><li><a href=\"http:\/\/artistas.etsii.urjc.es\/cetinia\/es\/node\/506\" target=\"_blank\" rel=\"noreferrer noopener\">Dynamic Co-ordination of Open Fleets in Urban Environments (SURF)<\/a><ul><li>Funding:&nbsp;MINECO<\/li><li>Lead: D. Alberto Fern\u00e1ndez, D. Holger Billhardt<\/li><li>Partners:&nbsp;UPV \/ URJC \/ USal<\/li><li>Duration:&nbsp;2016-2018<\/li><\/ul><\/li><li><a rel=\"noreferrer noopener\" href=\"http:\/\/www.gsi.upm.es\/mosi\/\" target=\"_blank\">Social modelling of ambient intelligence applied to large installations (MOSI-AGIL)<\/a><ul><li>Funding: CAM<\/li><li>Lead: D. Sascha Ossowski<\/li><li>Partners: URJC \/ UPM \/ UCM<\/li><li>Duration:&nbsp;2014-2018<\/li><\/ul><\/li><li><a href=\"http:\/\/ihas.usal.es\/\" target=\"_blank\" rel=\"noreferrer noopener\">Computaci\u00f3n Social Inteligente para Sociedades Humano-Agentes (iHAS)<\/a><ul><li>Funding:&nbsp; MINECO<\/li><li>Lead (URJC): D. Holger Billhardt<\/li><li>Partners: UPV \/ URJC \/ USA<\/li><li>Duration:&nbsp;2013-2015<\/li><\/ul><\/li><li><a rel=\"noreferrer noopener\" href=\"http:\/\/www.agreement-technologies.org\/\" target=\"_blank\">Agreement Technologies<\/a><ul><li>Funding: MINECO (Consolider Programme)<\/li><li>Lead&nbsp;(URJC): D. Sascha Ossowski<\/li><li>Partners: IIIA-CSIC \/ UPV \/ URJC<\/li><li>Duration: 2007-2015<\/li><\/ul><\/li><li><a rel=\"noreferrer noopener\" href=\"http:\/\/www.ia.urjc.es\/OVAMAH\" target=\"_blank\">Organizaciones Virtuales Adaptativas: T\u00e9cnicas y Mecanismos de Descripci\u00f3n y Adaptaci\u00f3n (OVAMAH)<\/a><ul><li>Funding:&nbsp; MICINN<\/li><li>Lead (URJC): D. Alberto Fern\u00e1ndez<\/li><li>Partners: UPV \/ URJC \/ USA<\/li><li>Duration:&nbsp;2010-2013<\/li><\/ul><\/li><li><a rel=\"noreferrer noopener\" href=\"http:\/\/www.cenitmio.es\/\" target=\"_blank\">mIO!: Tecnolog\u00edas para prestar Servicios en Movilidad en el Futuro Universo Inteligente<\/a><ul><li>Funding: MITC (CENIT programme)<\/li><li>Lead&nbsp;(URJC): D. Holger Billhardt y D. Sascha Ossowski<\/li><li>Partners: TID, TELVENT, AT4 Wireless, iSOCO, WORLDNET21, INSTALACIONES INABENSA, TREELOGIC, CAJA NAVARRA, SUGAR FACTORY, TB SOLUTIONS, OPIs<\/li><li>Duration: 2008-2011<\/li><\/ul><\/li><li><a href=\"#\">MUSEOS 2.0<\/a><ul><li>Funding: MITC (PROFIT-TRACTOR programme)<\/li><li>Lead&nbsp;(URJC): D. Sascha Ossowski<\/li><li>Partners: Idea Informatica, Fundaci\u00f3n Carpetania, Paradigma Tecnol\u00f3gico, EUVE, UPM<\/li><li>Duration: 2008-2010<\/li><\/ul><\/li><li><a href=\"#\">Metodos, T\u00e9cnicas y Herramientas para Sistemas Multiagente Abiertos (THOMAS)<\/a><ul><li>Funding:&nbsp; MEC&nbsp;<\/li><li>Lead&nbsp;(URJC): D. Sascha Ossowski<\/li><li>Partners: UPV \/ URJC \/ USA<\/li><li>Duration:&nbsp;2006-2010<\/li><\/ul><\/li><li><a href=\"#\">L\u00f3gicas, Deducci\u00f3n, y Programaci\u00f3n para Sistemas Inteligentes<\/a><ul><li>Funding: MEC<\/li><li>Lead&nbsp;(URJC): D. David Pearce<\/li><li>Partners: UMA \/ ULC \/ URJC<\/li><li>Duration: 2006-2009<\/li><\/ul><\/li><li><a rel=\"noreferrer noopener\" href=\"http:\/\/www.ist-cascom.org\/\" target=\"_blank\">Context-Aware Business Application Service Coordination in Mobile Computing Environments (CASCOM)<\/a><ul><li>Funding:&nbsp; EU (FP6\/IST\/STREP)<\/li><li>Lead&nbsp;(URJC): D. Sascha Ossowski<\/li><li>Partners: DFKI \/ Telia-Sonera \/ ADETTI \/ URJC \/ EPFL \/ UMIT \/ FrameTech \/ EMA<\/li><li>Duration:&nbsp; 2004-2007<\/li><\/ul><\/li><li><a rel=\"noreferrer noopener\" href=\"http:\/\/www.evergrow.org\/\" target=\"_blank\">Ever-growing global scale-free networks, their provisioning, repair and unique functions (EVERGROW)<\/a><ul><li>Funding:&nbsp; EU (FP6\/IST\/IP)<\/li><li>Lead&nbsp;(URJC): D. Sascha Ossowski<\/li><li>Partners: SICS \/ ICTP \/ Aston U \/ CETIC \/ COLBUD \/ ENS \/ ELTE \/ EPFL \/ ER \/ FT \/HUJI \/ ISI \/ IBM \/ KTH \/ KU \/ UM \/ Sheer \/ TUC \/ TAU \/ TS \/ UCL \/ UPN \/ UO \/ UPS \/ UR-INFM \/ URJC \/ WI \/ CLAES<\/li><li>Duration: 2004-2007<\/li><\/ul><\/li><li><a rel=\"noreferrer noopener\" href=\"http:\/\/webi2.urjc.es\/\" target=\"_blank\">Instituciones Electr\u00f3nicas &#8211; Extensiones de la Noci\u00f3n B\u00e1sica (Webi2)<\/a><ul><li>Funding: MCyT<\/li><li>Lead&nbsp;(URJC): D. Sascha Ossowski<\/li><li>Partners: IIIA-CSIC \/ URJC<\/li><li>Duration: 2003-2007<\/li><\/ul><\/li><li><a href=\"https:\/\/www.ia.urjc.es\/jspTIN2005\/informesPDF\/TIC2003-09001-C02.pdf\">Deducci\u00f3n y Programaci\u00f3n en L\u00f3gicas no Cl\u00e1sicas para la Tecnolog\u00eda del Conocimiento (DELIA)<\/a><ul><li>Funding: MEC<\/li><li>Lead&nbsp;(URJC): D. David Pearce<\/li><li>Partners: UMA \/ URJC<\/li><li>Duration: 2003-2006<\/li><\/ul><\/li><li><a href=\"http:\/\/platon.escet.urjc.es\/grupo\/principal.html\">Laboratorio de Investigaci\u00f3n Interdisciplinar en Ingenier\u00eda de la Decisi\u00f3n<\/a><ul><li>Funding: DMR Consulting<\/li><li>Lead&nbsp;(URJC): D. David R\u00edos<\/li><li>Partners: URJC<\/li><li>Duration: 2002-2005<\/li><\/ul><\/li><li><a rel=\"noreferrer noopener\" href=\"http:\/\/infogenmed.ieeta.pt\/\" target=\"_blank\">A virtual laboratory for accessing and integrating genetic and medical information for health applications (INFOGENMED)<\/a><ul><li>Funding: EU (FP5\/IST) (subcontracted)<\/li><li>Lead&nbsp;(URJC): D. Holger Billhardt<\/li><li>Partners: IEETA \/ ISC \/ LIU \/ Stap \/ UPM (URJC)<\/li><li>Duration: 2002-2004<\/li><\/ul><\/li><li><a href=\"#\">Dise\u00f1o y Aplicaci\u00f3n de Modelos Multiagente para Ayuda a la Decisi\u00f3n (DAMMAD)<\/a><ul><li>Funding: MCyT<\/li><li>Lead&nbsp;(URJC): D. Sascha Ossowski<\/li><li>Partners: URJC \/ UMA \/ UPM \/ LABEIN<\/li><li>Duration: 2001-2003<\/li><\/ul><\/li><li><a href=\"http:\/\/platon.escet.urjc.es\/grupo\/proyectos\/pta\/ptas.html\">Agentes Inteligentes como Asistentes personales para las Operaciones en Mercados Electr\u00f3nicos (PTAs)<\/a><ul><li>Funding: CAM<\/li><li>Lead: D. Sascha Ossowski<\/li><li>Partners: URJC<\/li><li>Duration: 2001-2002<\/li><\/ul><\/li><li><a href=\"http:\/\/platon.escet.urjc.es\/grupo\/principal.html\">Integraci\u00f3n y descentralizaci\u00f3n de aplicaciones de agentes para ayuda a la decisi\u00f3n (IDA<sub>3<\/sub>)<\/a><ul><li>Funding: URJC<\/li><li>Lead: D. Sascha Ossowski<\/li><li>Partners: URJC<\/li><li>Duration: 2002<\/li><\/ul><\/li><li><a href=\"http:\/\/platon.escet.urjc.es\/grupo\/principal.html\">Asistentes Inteligentes para Comercio Electr\u00f3nico (ECA)<\/a><ul><li>Funding: URJC<\/li><li>Lead: D. Sascha Ossowski<\/li><li>Partners: URJC<\/li><li>Duration: 2001<\/li><\/ul><\/li><\/ul>\n\n\n\n<h4 class=\"wp-block-heading\">Scientific networks:<\/h4>\n\n\n\n<ul class=\"wp-block-list\"><li><a rel=\"noreferrer noopener\" href=\"http:\/\/www.agreement-technologies.eu\/\" target=\"_blank\">Agreement Technologies<\/a><ul><li>Funding: ESF COST<\/li><\/ul><ul><li>Lead&nbsp;(URJC): D. Sascha Ossowski<\/li><li>Partners: COST countries<\/li><li>Duration: 2008-2012<\/li><\/ul><\/li><li><a href=\"http:\/\/www.agentlink.org\/\">AgentLink III: European Coordination Action for Agent-Based Computing<\/a><ul><li>Funding: EU (FP6\/IST\/CA)<\/li><li>Node: URJC<\/li><li>Duration: 2004-2005<\/li><\/ul><\/li><li><a href=\"http:\/\/platon.escet.urjc.es\/\">REDEMAP: Red Tem\u00e1tica Nacional de Procesos de Toma de Decisiones, Modelado y Agregaci\u00f3n de Preferencias<\/a><ul><li>Funding: MCyT<\/li><li>Node: URJC<\/li><li>Duration: 2004-2005<\/li><\/ul><\/li><li><a href=\"http:\/\/grusma2.etse.urv.es\/AgCitES\/\">AgentCities.ES: Creaci\u00f3n de un Entorno Inovador para la Comunicaci\u00f3n de Agentes Inteligentes<\/a><ul><li>Funding: MCyT<\/li><li>Node: URJC<\/li><li>Duration: 2003-2005<\/li><\/ul><\/li><li><a href=\"http:\/\/wasp.unime.it\/\">WASP: Working Group on Answer Set Programming<\/a><ul><li>Funding: EU (FP6\/FET\/CA)<\/li><li>Node: URJC<\/li><li>Duration: 2002-2005<\/li><\/ul><\/li><li><a href=\"http:\/\/www.complexityscience.org\/\">EXYSTENCE: Complex Systems Network of Excellence<\/a><ul><li>Funding: EU(FP5\/FET\/NoE)<\/li><li>Node: URJC<\/li><li>Duration: 2002-2004<\/li><\/ul><\/li><li><a href=\"http:\/\/www.agentcities.org\/EUNET\/\">AgentCities.NET<\/a><ul><li>Funding: Uni\u00f3n Europea (FP5\/IST\/Take-up)<\/li><li>Node: URJC<\/li><li>Duration: 2002-2003<\/li><\/ul><\/li><li><a href=\"http:\/\/www.agentlink.org\/\">AgentLink II: A Network of Excellence for Agent-Based Computing<\/a><ul><li>Funding: EU (FP5\/IST\/NoE)<\/li><li>Node: URJC<\/li><li>Duration: 2001-2003<\/li><\/ul><\/li><\/ul>\n","protected":false},"excerpt":{"rendered":"<p>The Artificial Intelligence Group was founded in 1999 to consolidate and promote research and teaching in the field within University Rey Juan Carlos. Ever since, the group&#8217;s activities comprise a variety of research lines in AI that are tied together by the&nbsp;intelligent agent paradigm. Research contributions were made in fields such as Multiagent Systems, Knowledge [&hellip;]<\/p>\n","protected":false},"author":1,"featured_media":347,"parent":702,"menu_order":4,"comment_status":"closed","ping_status":"closed","template":"","meta":{"footnotes":""},"languages":[5],"post_translationss":[],"class_list":["post-193","page","type-page","status-publish","has-post-thumbnail","hentry"],"guten_post_layout_featured_media_urls":{"full":["http:\/\/www.ia.urjc.es\/GIA\/wp-content\/uploads\/2020\/10\/Artificial-Intelligence-child-page-website-version.jpg",1880,560,false],"thumbnail":["http:\/\/www.ia.urjc.es\/GIA\/wp-content\/uploads\/2020\/10\/Artificial-Intelligence-child-page-website-version-150x150.jpg",150,150,true],"medium":["http:\/\/www.ia.urjc.es\/GIA\/wp-content\/uploads\/2020\/10\/Artificial-Intelligence-child-page-website-version-300x89.jpg",300,89,true],"medium_large":["http:\/\/www.ia.urjc.es\/GIA\/wp-content\/uploads\/2020\/10\/Artificial-Intelligence-child-page-website-version-768x229.jpg",768,229,true],"large":["http:\/\/www.ia.urjc.es\/GIA\/wp-content\/uploads\/2020\/10\/Artificial-Intelligence-child-page-website-version-1024x305.jpg",1024,305,true],"1536x1536":["http:\/\/www.ia.urjc.es\/GIA\/wp-content\/uploads\/2020\/10\/Artificial-Intelligence-child-page-website-version-1536x458.jpg",1536,458,true],"2048x2048":["http:\/\/www.ia.urjc.es\/GIA\/wp-content\/uploads\/2020\/10\/Artificial-Intelligence-child-page-website-version.jpg",1880,560,false],"guten_post_layout_landscape_large":["http:\/\/www.ia.urjc.es\/GIA\/wp-content\/uploads\/2020\/10\/Artificial-Intelligence-child-page-website-version-1200x560.jpg",1200,560,true],"guten_post_layout_portrait_large":["http:\/\/www.ia.urjc.es\/GIA\/wp-content\/uploads\/2020\/10\/Artificial-Intelligence-child-page-website-version-1200x560.jpg",1200,560,true],"guten_post_layout_square_large":["http:\/\/www.ia.urjc.es\/GIA\/wp-content\/uploads\/2020\/10\/Artificial-Intelligence-child-page-website-version-1200x560.jpg",1200,560,true],"guten_post_layout_landscape":["http:\/\/www.ia.urjc.es\/GIA\/wp-content\/uploads\/2020\/10\/Artificial-Intelligence-child-page-website-version-600x400.jpg",600,400,true],"guten_post_layout_portrait":["http:\/\/www.ia.urjc.es\/GIA\/wp-content\/uploads\/2020\/10\/Artificial-Intelligence-child-page-website-version-600x560.jpg",600,560,true],"guten_post_layout_square":["http:\/\/www.ia.urjc.es\/GIA\/wp-content\/uploads\/2020\/10\/Artificial-Intelligence-child-page-website-version-600x560.jpg",600,560,true],"business-consultr-1920-1200":["http:\/\/www.ia.urjc.es\/GIA\/wp-content\/uploads\/2020\/10\/Artificial-Intelligence-child-page-website-version.jpg",1880,560,false],"business-consultr-1920-750":["http:\/\/www.ia.urjc.es\/GIA\/wp-content\/uploads\/2020\/10\/Artificial-Intelligence-child-page-website-version.jpg",1880,560,false],"business-consultr-1920-850":["http:\/\/www.ia.urjc.es\/GIA\/wp-content\/uploads\/2020\/10\/Artificial-Intelligence-child-page-website-version.jpg",1880,560,false],"business-consultr-1170-760":["http:\/\/www.ia.urjc.es\/GIA\/wp-content\/uploads\/2020\/10\/Artificial-Intelligence-child-page-website-version.jpg",1170,349,false],"business-consultr-390-320":["http:\/\/www.ia.urjc.es\/GIA\/wp-content\/uploads\/2020\/10\/Artificial-Intelligence-child-page-website-version.jpg",390,116,false]},"_links":{"self":[{"href":"http:\/\/www.ia.urjc.es\/GIA\/wp-json\/wp\/v2\/pages\/193"}],"collection":[{"href":"http:\/\/www.ia.urjc.es\/GIA\/wp-json\/wp\/v2\/pages"}],"about":[{"href":"http:\/\/www.ia.urjc.es\/GIA\/wp-json\/wp\/v2\/types\/page"}],"author":[{"embeddable":true,"href":"http:\/\/www.ia.urjc.es\/GIA\/wp-json\/wp\/v2\/users\/1"}],"replies":[{"embeddable":true,"href":"http:\/\/www.ia.urjc.es\/GIA\/wp-json\/wp\/v2\/comments?post=193"}],"version-history":[{"count":17,"href":"http:\/\/www.ia.urjc.es\/GIA\/wp-json\/wp\/v2\/pages\/193\/revisions"}],"predecessor-version":[{"id":912,"href":"http:\/\/www.ia.urjc.es\/GIA\/wp-json\/wp\/v2\/pages\/193\/revisions\/912"}],"up":[{"embeddable":true,"href":"http:\/\/www.ia.urjc.es\/GIA\/wp-json\/wp\/v2\/pages\/702"}],"wp:featuredmedia":[{"embeddable":true,"href":"http:\/\/www.ia.urjc.es\/GIA\/wp-json\/wp\/v2\/media\/347"}],"wp:attachment":[{"href":"http:\/\/www.ia.urjc.es\/GIA\/wp-json\/wp\/v2\/media?parent=193"}],"wp:term":[{"taxonomy":"language","embeddable":true,"href":"http:\/\/www.ia.urjc.es\/GIA\/wp-json\/wp\/v2\/languages?post=193"},{"taxonomy":"post_translations","embeddable":true,"href":"http:\/\/www.ia.urjc.es\/GIA\/wp-json\/wp\/v2\/post_translationss?post=193"}],"curies":[{"name":"wp","href":"https:\/\/api.w.org\/{rel}","templated":true}]}}