{"id":392,"date":"2020-10-15T08:53:28","date_gmt":"2020-10-15T08:53:28","guid":{"rendered":"http:\/\/www.ia.urjc.es\/GIA\/?page_id=392"},"modified":"2026-03-02T10:40:37","modified_gmt":"2026-03-02T10:40:37","slug":"grupo-de-inteligencia-artificial","status":"publish","type":"page","link":"http:\/\/www.ia.urjc.es\/GIA\/es\/","title":{"rendered":"Grupo de Investigaci\u00f3n en Inteligencia Artificial"},"content":{"rendered":"\n<div class=\"wp-block-columns is-layout-flex wp-container-core-columns-is-layout-1 wp-block-columns-is-layout-flex\">\n<div class=\"wp-block-column is-layout-flow wp-block-column-is-layout-flow\">\n<p><a href=\"https:\/\/www.cetinia.es\/\" data-type=\"link\" data-id=\"https:\/\/www.cetinia.es\/\">Centro de Investigaci\u00f3n para las Tecnolog\u00edas Inteligentes de la Informaci\u00f3n y sus Aplicaciones<\/a> (CETINIA)<\/p>\n\n\n\n<p><a href=\"https:\/\/gestion2.urjc.es\/pdi\/departamento\/Y157\">Departmento de Inform\u00e1tica y Estad\u00edstica<\/a><\/p>\n\n\n\n<p><a href=\"https:\/\/www.urjc.es\/etsii\">Escuela T\u00e9cnica Superior de Inform\u00e1tica<\/a><\/p>\n\n\n\n<p><a href=\"https:\/\/www.urjc.es\/\">Universidad Rey Juan Carlos<\/a><\/p>\n<\/div>\n\n\n\n<div class=\"wp-block-column is-layout-flow wp-block-column-is-layout-flow\">\n<p class=\"has-text-align-right\">C\\ Tulip\u00e1n s\/n, 28933 M\u00f3stoles (Madrid), Espa\u00f1a<\/p>\n\n\n\n<p class=\"has-text-align-right\">Telefono: (+34)&nbsp; 91 664 74 85<\/p>\n\n\n\n<p class=\"has-text-align-right\">Fax: (+34) 91 488 85 30<\/p>\n\n\n\n<p class=\"has-text-align-right\">E-mail:&nbsp;gr_inv.gia [AT] urjc.es<\/p>\n<\/div>\n<\/div>\n\n\n<div class=\"wp-block-image\">\n<figure class=\"aligncenter size-large is-resized\"><img fetchpriority=\"high\" decoding=\"async\" width=\"800\" height=\"305\" src=\"http:\/\/www.ia.urjc.es\/GIA\/wp-content\/uploads\/2020\/06\/logoURJC.png\" alt=\"\" class=\"wp-image-277\" style=\"width:200px;height:76px\" srcset=\"http:\/\/www.ia.urjc.es\/GIA\/wp-content\/uploads\/2020\/06\/logoURJC.png 800w, http:\/\/www.ia.urjc.es\/GIA\/wp-content\/uploads\/2020\/06\/logoURJC-600x229.png 600w\" sizes=\"(max-width: 800px) 100vw, 800px\" \/><\/figure><\/div>","protected":false},"excerpt":{"rendered":"<p>Centro de Investigaci\u00f3n para las Tecnolog\u00edas Inteligentes de la Informaci\u00f3n y sus Aplicaciones (CETINIA) Departmento de Inform\u00e1tica y Estad\u00edstica Escuela T\u00e9cnica Superior de Inform\u00e1tica Universidad Rey Juan Carlos C\\ Tulip\u00e1n s\/n, 28933 M\u00f3stoles (Madrid), Espa\u00f1a Telefono: (+34)&nbsp; 91 664 74 85 Fax: (+34) 91 488 85 30 E-mail:&nbsp;gr_inv.gia [AT] urjc.es<\/p>\n","protected":false},"author":1,"featured_media":347,"parent":0,"menu_order":0,"comment_status":"closed","ping_status":"closed","template":"","meta":{"footnotes":""},"languages":[8],"post_translationss":[16],"class_list":["post-392","page","type-page","status-publish","has-post-thumbnail","hentry"],"guten_post_layout_featured_media_urls":{"full":["http:\/\/www.ia.urjc.es\/GIA\/wp-content\/uploads\/2020\/10\/Artificial-Intelligence-child-page-website-version.jpg",1880,560,false],"thumbnail":["http:\/\/www.ia.urjc.es\/GIA\/wp-content\/uploads\/2020\/10\/Artificial-Intelligence-child-page-website-version-150x150.jpg",150,150,true],"medium":["http:\/\/www.ia.urjc.es\/GIA\/wp-content\/uploads\/2020\/10\/Artificial-Intelligence-child-page-website-version-300x89.jpg",300,89,true],"medium_large":["http:\/\/www.ia.urjc.es\/GIA\/wp-content\/uploads\/2020\/10\/Artificial-Intelligence-child-page-website-version-768x229.jpg",768,229,true],"large":["http:\/\/www.ia.urjc.es\/GIA\/wp-content\/uploads\/2020\/10\/Artificial-Intelligence-child-page-website-version-1024x305.jpg",1024,305,true],"1536x1536":["http:\/\/www.ia.urjc.es\/GIA\/wp-content\/uploads\/2020\/10\/Artificial-Intelligence-child-page-website-version-1536x458.jpg",1536,458,true],"2048x2048":["http:\/\/www.ia.urjc.es\/GIA\/wp-content\/uploads\/2020\/10\/Artificial-Intelligence-child-page-website-version.jpg",1880,560,false],"guten_post_layout_landscape_large":["http:\/\/www.ia.urjc.es\/GIA\/wp-content\/uploads\/2020\/10\/Artificial-Intelligence-child-page-website-version-1200x560.jpg",1200,560,true],"guten_post_layout_portrait_large":["http:\/\/www.ia.urjc.es\/GIA\/wp-content\/uploads\/2020\/10\/Artificial-Intelligence-child-page-website-version-1200x560.jpg",1200,560,true],"guten_post_layout_square_large":["http:\/\/www.ia.urjc.es\/GIA\/wp-content\/uploads\/2020\/10\/Artificial-Intelligence-child-page-website-version-1200x560.jpg",1200,560,true],"guten_post_layout_landscape":["http:\/\/www.ia.urjc.es\/GIA\/wp-content\/uploads\/2020\/10\/Artificial-Intelligence-child-page-website-version-600x400.jpg",600,400,true],"guten_post_layout_portrait":["http:\/\/www.ia.urjc.es\/GIA\/wp-content\/uploads\/2020\/10\/Artificial-Intelligence-child-page-website-version-600x560.jpg",600,560,true],"guten_post_layout_square":["http:\/\/www.ia.urjc.es\/GIA\/wp-content\/uploads\/2020\/10\/Artificial-Intelligence-child-page-website-version-600x560.jpg",600,560,true],"business-consultr-1920-1200":["http:\/\/www.ia.urjc.es\/GIA\/wp-content\/uploads\/2020\/10\/Artificial-Intelligence-child-page-website-version.jpg",1880,560,false],"business-consultr-1920-750":["http:\/\/www.ia.urjc.es\/GIA\/wp-content\/uploads\/2020\/10\/Artificial-Intelligence-child-page-website-version.jpg",1880,560,false],"business-consultr-1920-850":["http:\/\/www.ia.urjc.es\/GIA\/wp-content\/uploads\/2020\/10\/Artificial-Intelligence-child-page-website-version.jpg",1880,560,false],"business-consultr-1170-760":["http:\/\/www.ia.urjc.es\/GIA\/wp-content\/uploads\/2020\/10\/Artificial-Intelligence-child-page-website-version.jpg",1170,349,false],"business-consultr-390-320":["http:\/\/www.ia.urjc.es\/GIA\/wp-content\/uploads\/2020\/10\/Artificial-Intelligence-child-page-website-version.jpg",390,116,false]},"_links":{"self":[{"href":"http:\/\/www.ia.urjc.es\/GIA\/wp-json\/wp\/v2\/pages\/392"}],"collection":[{"href":"http:\/\/www.ia.urjc.es\/GIA\/wp-json\/wp\/v2\/pages"}],"about":[{"href":"http:\/\/www.ia.urjc.es\/GIA\/wp-json\/wp\/v2\/types\/page"}],"author":[{"embeddable":true,"href":"http:\/\/www.ia.urjc.es\/GIA\/wp-json\/wp\/v2\/users\/1"}],"replies":[{"embeddable":true,"href":"http:\/\/www.ia.urjc.es\/GIA\/wp-json\/wp\/v2\/comments?post=392"}],"version-history":[{"count":9,"href":"http:\/\/www.ia.urjc.es\/GIA\/wp-json\/wp\/v2\/pages\/392\/revisions"}],"predecessor-version":[{"id":1424,"href":"http:\/\/www.ia.urjc.es\/GIA\/wp-json\/wp\/v2\/pages\/392\/revisions\/1424"}],"wp:featuredmedia":[{"embeddable":true,"href":"http:\/\/www.ia.urjc.es\/GIA\/wp-json\/wp\/v2\/media\/347"}],"wp:attachment":[{"href":"http:\/\/www.ia.urjc.es\/GIA\/wp-json\/wp\/v2\/media?parent=392"}],"wp:term":[{"taxonomy":"language","embeddable":true,"href":"http:\/\/www.ia.urjc.es\/GIA\/wp-json\/wp\/v2\/languages?post=392"},{"taxonomy":"post_translations","embeddable":true,"href":"http:\/\/www.ia.urjc.es\/GIA\/wp-json\/wp\/v2\/post_translationss?post=392"}],"curies":[{"name":"wp","href":"https:\/\/api.w.org\/{rel}","templated":true}]}}