{"id":434,"date":"2020-10-15T21:55:59","date_gmt":"2020-10-15T21:55:59","guid":{"rendered":"http:\/\/www.ia.urjc.es\/GIA\/?page_id=434"},"modified":"2020-10-15T22:53:03","modified_gmt":"2020-10-15T22:53:03","slug":"contacto","status":"publish","type":"page","link":"http:\/\/www.ia.urjc.es\/GIA\/es\/contacto\/","title":{"rendered":"C\u00f3mo llegar"},"content":{"rendered":"\n<div class=\"wp-block-media-text\" style=\"grid-template-columns:28% auto\"><figure class=\"wp-block-media-text__media\"><img fetchpriority=\"high\" decoding=\"async\" width=\"800\" height=\"305\" src=\"http:\/\/www.ia.urjc.es\/GIA\/wp-content\/uploads\/2020\/06\/logoURJC.png\" alt=\"\" class=\"wp-image-277\" srcset=\"http:\/\/www.ia.urjc.es\/GIA\/wp-content\/uploads\/2020\/06\/logoURJC.png 800w, http:\/\/www.ia.urjc.es\/GIA\/wp-content\/uploads\/2020\/06\/logoURJC-600x229.png 600w\" sizes=\"(max-width: 800px) 100vw, 800px\" \/><\/figure><div class=\"wp-block-media-text__content\">\n<h2 class=\"wp-block-heading\">Direcci\u00f3n<\/h2>\n\n\n\n<p>Edificio Ampliaci\u00f3n del Rectorado<br>Campus de M\u00f3stoles<br>Calle Tulip\u00e1n s\/n<br>E-28933 M\u00f3stoles (Madrid)<\/p>\n<\/div><\/div>\n\n\n<p><iframe style=\"border: 0;\" src=\"https:\/\/www.google.com\/maps\/embed?pb=!1m14!1m8!1m3!1d12164.730985613598!2d-3.873834!3d40.3382919!3m2!1i1024!2i768!4f13.1!3m3!1m2!1s0x0%3A0x17aac06aac3f95fe!2sEdificio%20Ampliaci%C3%B3n%20de%20Rectorado%20URJC!5e0!3m2!1ses!2ses!4v1582119798741!5m2!1ses!2ses\" allowfullscreen=\"allowfullscreen\" width=\"1920\" height=\"500\" frameborder=\"0\"><\/iframe><\/p>","protected":false},"excerpt":{"rendered":"<p>Direcci\u00f3n Edificio Ampliaci\u00f3n del RectoradoCampus de M\u00f3stolesCalle Tulip\u00e1n s\/nE-28933 M\u00f3stoles (Madrid)<\/p>\n","protected":false},"author":1,"featured_media":347,"parent":0,"menu_order":0,"comment_status":"closed","ping_status":"closed","template":"","meta":{"footnotes":""},"languages":[8],"post_translationss":[18],"class_list":["post-434","page","type-page","status-publish","has-post-thumbnail","hentry"],"guten_post_layout_featured_media_urls":{"full":["http:\/\/www.ia.urjc.es\/GIA\/wp-content\/uploads\/2020\/10\/Artificial-Intelligence-child-page-website-version.jpg",1880,560,false],"thumbnail":["http:\/\/www.ia.urjc.es\/GIA\/wp-content\/uploads\/2020\/10\/Artificial-Intelligence-child-page-website-version-150x150.jpg",150,150,true],"medium":["http:\/\/www.ia.urjc.es\/GIA\/wp-content\/uploads\/2020\/10\/Artificial-Intelligence-child-page-website-version-300x89.jpg",300,89,true],"medium_large":["http:\/\/www.ia.urjc.es\/GIA\/wp-content\/uploads\/2020\/10\/Artificial-Intelligence-child-page-website-version-768x229.jpg",768,229,true],"large":["http:\/\/www.ia.urjc.es\/GIA\/wp-content\/uploads\/2020\/10\/Artificial-Intelligence-child-page-website-version-1024x305.jpg",1024,305,true],"1536x1536":["http:\/\/www.ia.urjc.es\/GIA\/wp-content\/uploads\/2020\/10\/Artificial-Intelligence-child-page-website-version-1536x458.jpg",1536,458,true],"2048x2048":["http:\/\/www.ia.urjc.es\/GIA\/wp-content\/uploads\/2020\/10\/Artificial-Intelligence-child-page-website-version.jpg",1880,560,false],"guten_post_layout_landscape_large":["http:\/\/www.ia.urjc.es\/GIA\/wp-content\/uploads\/2020\/10\/Artificial-Intelligence-child-page-website-version-1200x560.jpg",1200,560,true],"guten_post_layout_portrait_large":["http:\/\/www.ia.urjc.es\/GIA\/wp-content\/uploads\/2020\/10\/Artificial-Intelligence-child-page-website-version-1200x560.jpg",1200,560,true],"guten_post_layout_square_large":["http:\/\/www.ia.urjc.es\/GIA\/wp-content\/uploads\/2020\/10\/Artificial-Intelligence-child-page-website-version-1200x560.jpg",1200,560,true],"guten_post_layout_landscape":["http:\/\/www.ia.urjc.es\/GIA\/wp-content\/uploads\/2020\/10\/Artificial-Intelligence-child-page-website-version-600x400.jpg",600,400,true],"guten_post_layout_portrait":["http:\/\/www.ia.urjc.es\/GIA\/wp-content\/uploads\/2020\/10\/Artificial-Intelligence-child-page-website-version-600x560.jpg",600,560,true],"guten_post_layout_square":["http:\/\/www.ia.urjc.es\/GIA\/wp-content\/uploads\/2020\/10\/Artificial-Intelligence-child-page-website-version-600x560.jpg",600,560,true],"business-consultr-1920-1200":["http:\/\/www.ia.urjc.es\/GIA\/wp-content\/uploads\/2020\/10\/Artificial-Intelligence-child-page-website-version.jpg",1880,560,false],"business-consultr-1920-750":["http:\/\/www.ia.urjc.es\/GIA\/wp-content\/uploads\/2020\/10\/Artificial-Intelligence-child-page-website-version.jpg",1880,560,false],"business-consultr-1920-850":["http:\/\/www.ia.urjc.es\/GIA\/wp-content\/uploads\/2020\/10\/Artificial-Intelligence-child-page-website-version.jpg",1880,560,false],"business-consultr-1170-760":["http:\/\/www.ia.urjc.es\/GIA\/wp-content\/uploads\/2020\/10\/Artificial-Intelligence-child-page-website-version.jpg",1170,349,false],"business-consultr-390-320":["http:\/\/www.ia.urjc.es\/GIA\/wp-content\/uploads\/2020\/10\/Artificial-Intelligence-child-page-website-version.jpg",390,116,false]},"_links":{"self":[{"href":"http:\/\/www.ia.urjc.es\/GIA\/wp-json\/wp\/v2\/pages\/434"}],"collection":[{"href":"http:\/\/www.ia.urjc.es\/GIA\/wp-json\/wp\/v2\/pages"}],"about":[{"href":"http:\/\/www.ia.urjc.es\/GIA\/wp-json\/wp\/v2\/types\/page"}],"author":[{"embeddable":true,"href":"http:\/\/www.ia.urjc.es\/GIA\/wp-json\/wp\/v2\/users\/1"}],"replies":[{"embeddable":true,"href":"http:\/\/www.ia.urjc.es\/GIA\/wp-json\/wp\/v2\/comments?post=434"}],"version-history":[{"count":5,"href":"http:\/\/www.ia.urjc.es\/GIA\/wp-json\/wp\/v2\/pages\/434\/revisions"}],"predecessor-version":[{"id":448,"href":"http:\/\/www.ia.urjc.es\/GIA\/wp-json\/wp\/v2\/pages\/434\/revisions\/448"}],"wp:featuredmedia":[{"embeddable":true,"href":"http:\/\/www.ia.urjc.es\/GIA\/wp-json\/wp\/v2\/media\/347"}],"wp:attachment":[{"href":"http:\/\/www.ia.urjc.es\/GIA\/wp-json\/wp\/v2\/media?parent=434"}],"wp:term":[{"taxonomy":"language","embeddable":true,"href":"http:\/\/www.ia.urjc.es\/GIA\/wp-json\/wp\/v2\/languages?post=434"},{"taxonomy":"post_translations","embeddable":true,"href":"http:\/\/www.ia.urjc.es\/GIA\/wp-json\/wp\/v2\/post_translationss?post=434"}],"curies":[{"name":"wp","href":"https:\/\/api.w.org\/{rel}","templated":true}]}}