{"id":455,"date":"2020-10-22T19:24:07","date_gmt":"2020-10-22T19:24:07","guid":{"rendered":"http:\/\/www.ia.urjc.es\/GIA\/?page_id=455"},"modified":"2026-04-09T19:13:38","modified_gmt":"2026-04-09T19:13:38","slug":"joaquin-arias","status":"publish","type":"page","link":"http:\/\/www.ia.urjc.es\/GIA\/joaquin-arias\/","title":{"rendered":"Joaqu\u00edn Arias"},"content":{"rendered":"\n<div class=\"wp-block-media-text alignwide is-vertically-aligned-top\" style=\"grid-template-columns:20% auto\"><figure class=\"wp-block-media-text__media\"><img fetchpriority=\"high\" decoding=\"async\" width=\"245\" height=\"246\" src=\"http:\/\/www.ia.urjc.es\/GIA\/wp-content\/uploads\/2020\/10\/foto-circular.gif\" alt=\"\" class=\"wp-image-457 size-full\"\/><\/figure><div class=\"wp-block-media-text__content\">\n<p><strong>Joaqu\u00edn Arias<\/strong><br>Associate Professor<\/p>\n\n\n\n<p><strong><span class=\"has-inline-color has-vivid-red-color\">Universidad Rey Juan Carlos<br><\/span><\/strong>\nEscuela T\u00e9cnica Superior de Ingenier\u00eda Inform\u00e1tica\n<br>\nCalle Tulip\u00e1n s\/n,&nbsp;28933 M\u00f3stoles (Madrid), SPAIN<br><a href=\"mailto:joaquin.arias@urjc.es\">joaquin.arias@urjc.es<\/a><\/p>\n<\/div><\/div>\n\n\n\n<h3 class=\"wp-block-heading\">About me:<\/h3>\n\n\n\n<div class=\"wp-block-group\"><div class=\"wp-block-group__inner-container is-layout-flow wp-block-group-is-layout-flow\">\n<p>My research focuses&nbsp;on the extension of a rule-base high-level programming language, based on constraints and logic, and its application in reasoning over stream data.<br><br>I have been working at the IMDEA Software Institute, under the supervision of Dr. Manuel Carro. We have designed and implemented a modular constraint system,&nbsp;<a href=\"http:\/\/www.cliplab.org\/papers\/tplp2018-tclp\/\">Modular TCLP<\/a>, and validated it with the integration of several constraint domains. We have used Modular TCLP to reimplement the state-of-the-art abstract interpreter PLAI increasing efficiency with shorter coding (1\/3 of the previous version).&nbsp;We then sketched out how to apply TCLP to stream data analysis and detected the need to capture non-monotonic reasoning.<br><br>Since my stay at the University of Texas at Dallas in 2017, I have collaborated with them in the&nbsp;development of&nbsp;<a href=\"https:\/\/gitlab.software.imdea.org\/joaquin.arias\/sCASP\">s(CASP)<\/a>, a novel non-monotonic reasoning system that integrates answer set programming and constraints. We have applied s(CASP) in several applications, e.g.,&nbsp;to model and reason using event calculus.<\/p>\n<\/div><\/div>\n\n\n\n<div class=\"wp-block-columns are-vertically-aligned-center is-layout-flex wp-container-core-columns-is-layout-1 wp-block-columns-is-layout-flex\">\n<div class=\"wp-block-column is-vertically-aligned-center is-layout-flow wp-block-column-is-layout-flow\">\n<figure class=\"wp-block-image aligncenter size-large is-resized\"><a href=\"http:\/\/dblp.uni-trier.de\/pers\/hd\/a\/Arias:Joaqu=iacute=n\"><img decoding=\"async\" src=\"http:\/\/www.ia.urjc.es\/GIA\/wp-content\/uploads\/2020\/10\/images.png\" alt=\"\" class=\"wp-image-479\" style=\"width:95px;height:95px\"\/><\/a><\/figure>\n<\/div>\n\n\n\n<div class=\"wp-block-column is-vertically-aligned-center is-layout-flow wp-block-column-is-layout-flow\">\n<figure class=\"wp-block-image aligncenter size-large is-resized\"><a href=\"https:\/\/scholar.google.com\/citations?user=hPA523AAAAAJ\"><img decoding=\"async\" width=\"1024\" height=\"1024\" src=\"http:\/\/www.ia.urjc.es\/GIA\/wp-content\/uploads\/2020\/10\/gscholar-1024x1024.png\" alt=\"googlescholar\" class=\"wp-image-461\" style=\"width:99px;height:99px\" srcset=\"http:\/\/www.ia.urjc.es\/GIA\/wp-content\/uploads\/2020\/10\/gscholar-1024x1024.png 1024w, http:\/\/www.ia.urjc.es\/GIA\/wp-content\/uploads\/2020\/10\/gscholar-300x300.png 300w, http:\/\/www.ia.urjc.es\/GIA\/wp-content\/uploads\/2020\/10\/gscholar-100x100.png 100w, http:\/\/www.ia.urjc.es\/GIA\/wp-content\/uploads\/2020\/10\/gscholar-600x600.png 600w, http:\/\/www.ia.urjc.es\/GIA\/wp-content\/uploads\/2020\/10\/gscholar-150x150.png 150w, http:\/\/www.ia.urjc.es\/GIA\/wp-content\/uploads\/2020\/10\/gscholar-768x768.png 768w, http:\/\/www.ia.urjc.es\/GIA\/wp-content\/uploads\/2020\/10\/gscholar.png 1200w\" sizes=\"(max-width: 1024px) 100vw, 1024px\" \/><\/a><\/figure>\n<\/div>\n\n\n\n<div class=\"wp-block-column is-vertically-aligned-center is-layout-flow wp-block-column-is-layout-flow\">\n<figure class=\"wp-block-image aligncenter size-large is-resized\"><a href=\"https:\/\/es.linkedin.com\/in\/joaquinariasherrero\"><img decoding=\"async\" width=\"1024\" height=\"1024\" src=\"http:\/\/www.ia.urjc.es\/GIA\/wp-content\/uploads\/2020\/10\/linkedin-1024x1024.png\" alt=\"\" class=\"wp-image-460\" style=\"width:76px;height:76px\" srcset=\"http:\/\/www.ia.urjc.es\/GIA\/wp-content\/uploads\/2020\/10\/linkedin.png 1024w, http:\/\/www.ia.urjc.es\/GIA\/wp-content\/uploads\/2020\/10\/linkedin-300x300.png 300w, http:\/\/www.ia.urjc.es\/GIA\/wp-content\/uploads\/2020\/10\/linkedin-100x100.png 100w, http:\/\/www.ia.urjc.es\/GIA\/wp-content\/uploads\/2020\/10\/linkedin-600x600.png 600w, http:\/\/www.ia.urjc.es\/GIA\/wp-content\/uploads\/2020\/10\/linkedin-150x150.png 150w, http:\/\/www.ia.urjc.es\/GIA\/wp-content\/uploads\/2020\/10\/linkedin-768x768.png 768w\" sizes=\"(max-width: 1024px) 100vw, 1024px\" \/><\/a><\/figure>\n<\/div>\n\n\n\n<div class=\"wp-block-column is-vertically-aligned-center is-layout-flow wp-block-column-is-layout-flow\">\n<figure class=\"wp-block-image aligncenter size-large is-resized\"><a href=\"https:\/\/orcid.org\/0000-0003-4148-311X\"><img decoding=\"async\" src=\"https:\/\/upload.wikimedia.org\/wikipedia\/commons\/thumb\/0\/06\/ORCID_iD.svg\/1200px-ORCID_iD.svg.png\" alt=\"\" class=\"wp-image-463\" style=\"width:78px;height:78px\"\/><\/a><\/figure>\n<\/div>\n<\/div>\n\n\n\n<h3 class=\"wp-block-heading\"><strong>Education<\/strong><\/h3>\n\n\n\n<ul class=\"wp-block-list\">\n<li>2020: Ph.D. in Computer Science (Universidad Polit\u00e9cnica de Madrid, Spain)<\/li>\n\n\n\n<li>2015: M.Sc. Computer Science (Universidad Polit\u00e9cnica de Madrid, Spain)<\/li>\n\n\n\n<li>2014: B.Sc. Computer Science (Universidad Polit\u00e9cnica de Madrid, Spain)<\/li>\n\n\n\n<li>2002: M.Arch. Architecture (Universidad Polit\u00e9cnica de Madrid, Spain)<\/li>\n<\/ul>\n\n\n\n<p><\/p>\n\n\n\n<h3 class=\"wp-block-heading\"><strong> Research &amp; Teaching Positions <\/strong><\/h3>\n\n\n\n<ul class=\"wp-block-list\">\n<li>2025 &#8211; now: Associate Professor at Universidad Rey Juan Carlos (URJC), Madrid, Spain<\/li>\n\n\n\n<li>2020 &#8211; 2025: Assistant Professor at Universidad Rey Juan Carlos (URJC), Madrid, Spain<\/li>\n\n\n\n<li>2013 &#8211; 2020: Pre-Doctoral Researcher at IMDEA Software Institute, Madrid, Spain<\/li>\n\n\n\n<li>Summer 2019: Research visitor Aalto University, Helsinki, Finland<\/li>\n\n\n\n<li>Summer 2017: Research visitor University of Texas at Dallas, USA<\/li>\n<\/ul>\n\n\n\n<p><\/p>\n\n\n\n<h3 class=\"wp-block-heading\"><strong>Main Research Interests<\/strong><\/h3>\n\n\n\n<ul class=\"wp-block-list\">\n<li>(Constraint) Logic Programming<\/li>\n\n\n\n<li>TCLP = Tabling + Constraints Logic Programming<\/li>\n\n\n\n<li>s(CASP) = ASP + Constraint &#8211; grounding<\/li>\n\n\n\n<li>Stream Data Analysis &amp; Spatial Reasoning<\/li>\n<\/ul>\n\n\n\n<p><\/p>\n\n\n\n<h3 class=\"wp-block-heading\"><strong>Projects<\/strong><\/h3>\n\n\n\n<blockquote class=\"wp-block-quote\"> <b>Software Tools<\/b>\n  <div id=\"list_project\"> <\/div>\n<\/blockquote>\n\n    <script src=\"https:\/\/platon.etsii.urjc.es\/~jarias\/data\/arias-project.js?2\"><\/script>\n    <script>\n      for (var i = 0; i < project.length; i++) {\n\t  document.getElementById(\"list_project\").innerHTML += `\n      <br>\n      <p><strong>\n\t  ${project[i].link} \t&nbsp;&nbsp;      ${project[i].title}\n\t  <span class=\" pull-right\">\n\t    <a href=\"#project_${i}\" data-toggle=\"collapse\">\n\t      Description\n\t    <\/a>\n\t  <\/span>\n      <\/strong><\/p>\n      <div id=\"project_${i}\" class=\"collapse\">\n\t<cite>\n\t<\/cite>\n\t${project[i].description}\n      <\/div>\n\t  `;\n      }\n      <\/script>\n\n\n\n<h1 class=\"wp-block-heading\">Research Publications &amp; Thesis<\/h1>\n\n\n\n<table width=\"100%\" style=\"border: 0 !important;\" id=\"list_publication\">\n<\/table>\n\n    <script src=\"https:\/\/platon.etsii.urjc.es\/~jarias\/data\/arias-publication.js?1\"><\/script>\n    <script>\n      for (var i = 0; i < publication.length; i++) {\n\t  document.getElementById(\"list_publication\").innerHTML += `\n    <tr class=\"text-left\" style=\"border: 0 !important;\">\n      <td class=\"text-left\" style=\"border: 0 !important; font-size: 18px !important;\">\n\t  <b>  ${publication[i].link}      ${publication[i].title}   <\/b>\n\t  <span class=\" pull-right\">\n\t    <a href=\"#publication${i}a\"  data-toggle=\"collapse\">BibTex <\/a> &nbsp;\n\t    <a href=\"#publication${i}b\"  data-toggle=\"collapse\">Abstract<\/a>\n\t  <\/span> <br>\n\t  <div style=\"width:80%\">\t        ${publication[i].authors}   \n\t    <span class=\"pull-right\">  ${publication[i].place}   <\/span> <\/div>\n\t<div id=\"publication${i}a\" class=\"collapse\" style=\"margin-left: 1cm; width:80%\">\n\t  <br><p><pre>  ${publication[i].bibtex}   <\/pre><\/p><\/div> \n\t<div id=\"publication${i}b\" class=\"collapse\" style=\"margin-left: 1cm; width:80%\">\n\t  <br><p style=\"font-size: 15px !important;\">  ${publication[i].abstract}   <\/p><\/div>\n\t<br>\n      <\/td>\n    <\/tr>\n\t  `;\n      }\n      <\/script>\n\n\n\n<h2 class=\"wp-block-heading\">Conferences &amp; Thesis Talk<\/h2>\n\n\n\n<table width=\"100%\" style=\"border: 0 !important; margin-top:-40px\" id=\"list_conference\">\n<\/table>\n\n    <script src=\"https:\/\/platon.etsii.urjc.es\/~jarias\/data\/arias-conference.js?0\"><\/script>\n    <script>\n      for (var i = 0; i < conference.length; i++) {\n\t  if (conference[i].date0) {\n\t      document.getElementById(\"list_conference\").innerHTML += `\n    <tr class=\"text-left\" style=\"border: 0 !important;\">\n      <td class=\"text-left\" style=\"border: 0 !important; font-size: 18px !important;\">\n\t  <b>  ${conference[i].link}      ${conference[i].title}   <\/b>\n\t  <span class=\" pull-right\">\n\t    <a href=\"#conference${i}a\"  data-toggle=\"collapse\">Slides <\/a> &nbsp;\n\t    <a href=\"#conference${i}b\"  data-toggle=\"collapse\">Abstract<\/a>\n\t  <\/span> <br>\n\t  <div style=\"width:80%\">\t        ${conference[i].date}   \n\t    <span class=\"pull-right\">  ${conference[i].place}   <\/span> <\/div> \n\t  <div style=\"width:80%\">\t        ${conference[i].date0}   \n\t    <span class=\"pull-right\">  ${conference[i].place0}   <\/span> <\/div> \n\t<div id=\"conference${i}a\" class=\"collapse\" style=\"margin-left: 2cm; width:90%\">\n\t  <p>  ${conference[i].slides}    <\/p><\/div> \n\t<div id=\"conference${i}b\" class=\"collapse\" style=\"margin-left: 1cm; width:80%\">\n\t  <p style=\"font-size: 15px !important;\">  ${conference[i].abstract}   <\/p><\/div>\n\t\n      <\/td>\n    <\/tr>\n\t  `;\n\t  } else {\n\t      document.getElementById(\"list_conference\").innerHTML += `\n    <tr class=\"text-left\" style=\"border: 0 !important;\">\n      <td class=\"text-left\" style=\"border: 0 !important; font-size: 18px !important;\">\n\t  <b>  ${conference[i].link}      ${conference[i].title}   <\/b>\n\t  <span class=\" pull-right\">\n\t    <a href=\"#conference${i}a\"  data-toggle=\"collapse\">Slides <\/a>  &nbsp;\n\t    <a href=\"#conference${i}b\"  data-toggle=\"collapse\">Abstract<\/a>\n\t  <\/span>\n\t  <div style=\"width:80%\">\t        ${conference[i].date}   \n\t    <span class=\"pull-right\">  ${conference[i].place}   <\/span> <\/div> \n\t<div id=\"conference${i}a\" class=\"collapse\" style=\"margin-left: 2cm; width:90%\">\n\t  <p>  ${conference[i].slides}    <\/p><\/div> \n\t<div id=\"conference${i}b\" class=\"collapse\" style=\"margin-left: 1cm; width:80%\">\n\t  <p style=\"font-size: 15px !important;\">  ${conference[i].abstract}   <\/p><\/div>\n      <\/td>\n    <\/tr>\n\t  `;\n\t  };\t      \n      }\n      <\/script>\n\n\n\n<h3 class=\"wp-block-heading\">Misc. Presentations<\/h3>\n\n\n\n<ul width=\"80%\" style=\"margin-top:-40px\" id=\"list_presentation\">\n<\/ul>\n\n    <script src=\"https:\/\/platon.etsii.urjc.es\/~jarias\/data\/arias-presentation.js?0\"><\/script>\n    <script>\n      for (var i = 0; i < presentation.length; i++) {\n\t      document.getElementById(\"list_presentation\").innerHTML += `\n      <li class=\"text-left\" style=\"border: 0 !important; font-size: 15px !important;\">\n\t  <div style=\"width:80%\">\n\t   <b>${presentation[i].link}      ${presentation[i].title}   <\/b>\n\t   <span class=\" pull-right\">\n\t    <a href=\"#presentation${i}a\"  data-toggle=\"collapse\">Slides <\/a> &nbsp;\n\t    <a href=\"#presentation${i}b\"  data-toggle=\"collapse\">Abstract<\/a>\n\t  <\/span>\n\t  <\/div>\n\t  <div style=\"width:80%\">\t        ${presentation[i].date}   \n\t    <span class=\"pull-right\">  ${presentation[i].place}   <\/span> <\/div> \n\t<div id=\"presentation${i}a\" class=\"collapse\" style=\"margin-left: 2cm; width:70%\">\n\t  <p>  ${presentation[i].slides}    <\/p><\/div> \n\t<div id=\"presentation${i}b\" class=\"collapse\" style=\"margin-left: 1cm; width:60%\">\n\t  <p style=\"font-size: 12px !important;\">  ${presentation[i].abstract}   <\/p><\/div>\n    <\/li>\n\t  `;\n      }\n      <\/script>\n\n\n\n<h1 class=\"wp-block-heading\"> Teaching <\/h1>\n\n\n\n<ul id=\"list_teaching\" style=\"margin-top:-40px\">\n<\/ul>\n\n    <script src=\"https:\/\/platon.etsii.urjc.es\/~jarias\/data\/arias-teaching.js?0\"><\/script>\n    <script>\n      for (var i = 0; i < teaching.length; i++) {\n\t      document.getElementById(\"list_teaching\").innerHTML += `\n<li style=\"list-style-type: none; font-size:15pt\">\n${teaching[i].line}\n<\/li>\n`;\n      }\n      <\/script>\n\n\n\n<h4 class=\"wp-block-heading\"><\/h4>\n\n\n\n<blockquote class=\"wp-block-quote\">\n      <p><strong>Trabajos Fin de Grado<\/strong><\/p>\n<br>\n      <div id=\"list_tfg\"><\/div>\n    <\/blockquote>\n\n    <script src=\"https:\/\/platon.etsii.urjc.es\/~jarias\/data\/arias-tfg.js?1\"><\/script>\n    <script>\n      for (var i = 0; i < tfg.length; i++) {\n\t  document.getElementById(\"list_tfg\").innerHTML += `\n\t  <b> ${tfg[i].link} \t&nbsp;&nbsp;      ${tfg[i].titulo} <\/b>\n\t  <span class=\" pull-right\">\n\t    <a href=\"#tfg_${i}\" data-toggle=\"collapse\">\n\t      Resumen\n\t    <\/a>\n\t  <\/span>\n          <br>\n          <div style=\"margin-left: 45px; width:80%; color:#808080\">\n\t  ${tfg[i].autor}\n          <\/div>\n      <div id=\"tfg_${i}\" class=\"collapse\">\n\t<div style=\"margin-left: 60px; width:90%; font-size: 80%;\">\n\t${tfg[i].resumen}\n\t<\/div><br>\n      <\/div>\n\t  `;\n      }\n      <\/script>\n","protected":false},"excerpt":{"rendered":"<p>Joaqu\u00edn AriasAssociate Professor Universidad Rey Juan Carlos Escuela T\u00e9cnica Superior de Ingenier\u00eda Inform\u00e1tica Calle Tulip\u00e1n s\/n,&nbsp;28933 M\u00f3stoles (Madrid), SPAINjoaquin.arias@urjc.es About me: My research focuses&nbsp;on the extension of a rule-base high-level programming language, based on constraints and logic, and its application in reasoning over stream data. I have been working at the IMDEA Software Institute, under [&hellip;]<\/p>\n","protected":false},"author":3,"featured_media":347,"parent":0,"menu_order":0,"comment_status":"closed","ping_status":"closed","template":"","meta":{"footnotes":""},"languages":[5],"post_translationss":[],"class_list":["post-455","page","type-page","status-publish","has-post-thumbnail","hentry"],"guten_post_layout_featured_media_urls":{"full":["http:\/\/www.ia.urjc.es\/GIA\/wp-content\/uploads\/2020\/10\/Artificial-Intelligence-child-page-website-version.jpg",1880,560,false],"thumbnail":["http:\/\/www.ia.urjc.es\/GIA\/wp-content\/uploads\/2020\/10\/Artificial-Intelligence-child-page-website-version-150x150.jpg",150,150,true],"medium":["http:\/\/www.ia.urjc.es\/GIA\/wp-content\/uploads\/2020\/10\/Artificial-Intelligence-child-page-website-version-300x89.jpg",300,89,true],"medium_large":["http:\/\/www.ia.urjc.es\/GIA\/wp-content\/uploads\/2020\/10\/Artificial-Intelligence-child-page-website-version-768x229.jpg",768,229,true],"large":["http:\/\/www.ia.urjc.es\/GIA\/wp-content\/uploads\/2020\/10\/Artificial-Intelligence-child-page-website-version-1024x305.jpg",1024,305,true],"1536x1536":["http:\/\/www.ia.urjc.es\/GIA\/wp-content\/uploads\/2020\/10\/Artificial-Intelligence-child-page-website-version-1536x458.jpg",1536,458,true],"2048x2048":["http:\/\/www.ia.urjc.es\/GIA\/wp-content\/uploads\/2020\/10\/Artificial-Intelligence-child-page-website-version.jpg",1880,560,false],"guten_post_layout_landscape_large":["http:\/\/www.ia.urjc.es\/GIA\/wp-content\/uploads\/2020\/10\/Artificial-Intelligence-child-page-website-version-1200x560.jpg",1200,560,true],"guten_post_layout_portrait_large":["http:\/\/www.ia.urjc.es\/GIA\/wp-content\/uploads\/2020\/10\/Artificial-Intelligence-child-page-website-version-1200x560.jpg",1200,560,true],"guten_post_layout_square_large":["http:\/\/www.ia.urjc.es\/GIA\/wp-content\/uploads\/2020\/10\/Artificial-Intelligence-child-page-website-version-1200x560.jpg",1200,560,true],"guten_post_layout_landscape":["http:\/\/www.ia.urjc.es\/GIA\/wp-content\/uploads\/2020\/10\/Artificial-Intelligence-child-page-website-version-600x400.jpg",600,400,true],"guten_post_layout_portrait":["http:\/\/www.ia.urjc.es\/GIA\/wp-content\/uploads\/2020\/10\/Artificial-Intelligence-child-page-website-version-600x560.jpg",600,560,true],"guten_post_layout_square":["http:\/\/www.ia.urjc.es\/GIA\/wp-content\/uploads\/2020\/10\/Artificial-Intelligence-child-page-website-version-600x560.jpg",600,560,true],"business-consultr-1920-1200":["http:\/\/www.ia.urjc.es\/GIA\/wp-content\/uploads\/2020\/10\/Artificial-Intelligence-child-page-website-version.jpg",1880,560,false],"business-consultr-1920-750":["http:\/\/www.ia.urjc.es\/GIA\/wp-content\/uploads\/2020\/10\/Artificial-Intelligence-child-page-website-version.jpg",1880,560,false],"business-consultr-1920-850":["http:\/\/www.ia.urjc.es\/GIA\/wp-content\/uploads\/2020\/10\/Artificial-Intelligence-child-page-website-version.jpg",1880,560,false],"business-consultr-1170-760":["http:\/\/www.ia.urjc.es\/GIA\/wp-content\/uploads\/2020\/10\/Artificial-Intelligence-child-page-website-version.jpg",1170,349,false],"business-consultr-390-320":["http:\/\/www.ia.urjc.es\/GIA\/wp-content\/uploads\/2020\/10\/Artificial-Intelligence-child-page-website-version.jpg",390,116,false]},"_links":{"self":[{"href":"http:\/\/www.ia.urjc.es\/GIA\/wp-json\/wp\/v2\/pages\/455"}],"collection":[{"href":"http:\/\/www.ia.urjc.es\/GIA\/wp-json\/wp\/v2\/pages"}],"about":[{"href":"http:\/\/www.ia.urjc.es\/GIA\/wp-json\/wp\/v2\/types\/page"}],"author":[{"embeddable":true,"href":"http:\/\/www.ia.urjc.es\/GIA\/wp-json\/wp\/v2\/users\/3"}],"replies":[{"embeddable":true,"href":"http:\/\/www.ia.urjc.es\/GIA\/wp-json\/wp\/v2\/comments?post=455"}],"version-history":[{"count":139,"href":"http:\/\/www.ia.urjc.es\/GIA\/wp-json\/wp\/v2\/pages\/455\/revisions"}],"predecessor-version":[{"id":1435,"href":"http:\/\/www.ia.urjc.es\/GIA\/wp-json\/wp\/v2\/pages\/455\/revisions\/1435"}],"wp:featuredmedia":[{"embeddable":true,"href":"http:\/\/www.ia.urjc.es\/GIA\/wp-json\/wp\/v2\/media\/347"}],"wp:attachment":[{"href":"http:\/\/www.ia.urjc.es\/GIA\/wp-json\/wp\/v2\/media?parent=455"}],"wp:term":[{"taxonomy":"language","embeddable":true,"href":"http:\/\/www.ia.urjc.es\/GIA\/wp-json\/wp\/v2\/languages?post=455"},{"taxonomy":"post_translations","embeddable":true,"href":"http:\/\/www.ia.urjc.es\/GIA\/wp-json\/wp\/v2\/post_translationss?post=455"}],"curies":[{"name":"wp","href":"https:\/\/api.w.org\/{rel}","templated":true}]}}